{"id":5858,"date":"2016-09-30T13:19:13","date_gmt":"2016-09-30T13:19:13","guid":{"rendered":"http:\/\/savory.elated-themes.com\/?page_id=5858"},"modified":"2022-10-05T10:50:20","modified_gmt":"2022-10-05T10:50:20","slug":"restaurant-home","status":"publish","type":"page","link":"http:\/\/demostracionweb.com\/centolo\/","title":{"rendered":"Restaurant Home"},"content":{"rendered":"<p>[vc_row content_width=\u00bbgrid\u00bb content_aligment=\u00bbcenter\u00bb css=\u00bb.vc_custom_1644953843319{padding-top: 95px !important;padding-bottom: 53px !important;}\u00bb el_id=\u00bbquienes-somos\u00bb][vc_column width=\u00bb1\/6&#8243;][\/vc_column][vc_column width=\u00bb2\/3&#8243;][vc_column_text css=\u00bb.vc_custom_1623862983897{margin-bottom: 0px !important;padding-bottom: 0px !important;}\u00bb]<\/p>\n<h1 style=\"text-align: center;\">RESTAURANTE CENTOLO<\/h1>\n<p>[\/vc_column_text][vc_column_text css=\u00bb.vc_custom_1623862976200{margin-top: 0px !important;padding-top: 0px !important;}\u00bb]<\/p>\n<p style=\"text-align: center;\">DESDE 1985<\/p>\n<p>[\/vc_column_text][vc_column_text]\u00a1Una experiencia que disfrutar\u00e1s con los cinco sentidos y que te regalar\u00e1 un recuerdo \u00fanico!<br \/>\nPorque O Centolo es m\u00e1s que un restaurante, es una delicia gastron\u00f3mica ubicado en frente al puerto del fin del mundo, lo que har\u00e1 que sumemos al gusto las incre\u00edbles vista que nos brinda nuestro entorno.<br \/>\nDestacando la frescura y procedencia de nuestros productos, cabe hacer menci\u00f3n a nuestro vivero de mariscos, lo que garantiza la procedencia de nuestras piezas que comer\u00e1s in situ.<br \/>\nVen y&#8230;saborea Fisterra![\/vc_column_text][\/vc_column][vc_column width=\u00bb1\/6&#8243;][\/vc_column][\/vc_row][vc_row css=\u00bb.vc_custom_1475246595136{padding-right: 13% !important;padding-left: 13% !important;}\u00bb][vc_column width=\u00bb1\/2&#8243;][vc_single_image image=\u00bb8389&#8243; img_size=\u00bbfull\u00bb][vc_empty_space][\/vc_column][vc_column width=\u00bb1\/2&#8243;][vc_single_image image=\u00bb8390&#8243; img_size=\u00bbfull\u00bb][vc_empty_space][\/vc_column][\/vc_row][vc_row content_width=\u00bbgrid\u00bb content_aligment=\u00bbcenter\u00bb css=\u00bb.vc_custom_1476864685056{padding-top: 95px !important;padding-bottom: 53px !important;}\u00bb][vc_column width=\u00bb1\/6&#8243;][\/vc_column][vc_column width=\u00bb2\/3&#8243;]<div class=\"eltd-section-title-outer-holder\" style=\"text-align: center\">\n\n\t\t\t<div class=\"eltd-section-subtitle-holder\">\n\t\t\t<h5 class=\"eltd-section-subtitle\" style=\";;color: #333333;;;;\">\n\t\t\t\tUbicaci\u00f3n privilegiada\t\t\t<\/h5>\n\t\t<\/div>\n\t\n\t\t\t<div class=\"eltd-section-title-title-holder\">\n\t\t\t\t<h2 class=\"eltd-section-title\" style=\";font-size: 42px;;font-weight: 600;line-height: 63px;text-transform: Uppercase;letter-spacing: 5px;\">\n\t\t\t\tLas mejores vistas\t\t\t\t<\/h2>\n\t\t<\/div>\n\t\n<\/div>[vc_column_text]\u00a1Saborea Fisterra frente al puerto del fin del mundo!<br \/>\nEn O Centolo podr\u00e1s disfrutar de unas fascinantes vistas al mar y al imponente y m\u00e1gico Monte Pindo. As\u00ed como a los barcos llegar al puerto tras la faena diaria de los marineros locales y el movimiento de la lonja.<br \/>\nSimplemente te trasladar\u00e1s directamente a nuestra vida local sumergi\u00e9ndote en un mundo precioso!!<br \/>\n\u00bfNos acompa\u00f1as?<br \/>\n[\/vc_column_text][\/vc_column][vc_column width=\u00bb1\/6&#8243;][\/vc_column][\/vc_row][vc_row css=\u00bb.vc_custom_1644928095074{padding-right: 13% !important;padding-bottom: 53px !important;padding-left: 13% !important;}\u00bb][vc_column width=\u00bb1\/3&#8243;][vc_single_image image=\u00bb8425&#8243; img_size=\u00bbfull\u00bb][vc_empty_space][\/vc_column][vc_column width=\u00bb1\/3&#8243;][vc_single_image image=\u00bb8427&#8243; img_size=\u00bbfull\u00bb][vc_empty_space][\/vc_column][vc_column width=\u00bb1\/3&#8243;][vc_single_image image=\u00bb8426&#8243; img_size=\u00bbfull\u00bb][vc_empty_space][\/vc_column][\/vc_row][vc_row row_type=\u00bbparallax\u00bb content_width=\u00bbgrid\u00bb content_aligment=\u00bbcenter\u00bb full_screen_section_height=\u00bbno\u00bb parallax_background_image=\u00bb8405&#8243; css=\u00bb.vc_custom_1644928125405{padding-top: 95px !important;padding-bottom: 100px !important;}\u00bb][vc_column offset=\u00bbvc_col-lg-offset-2 vc_col-lg-8 vc_col-md-offset-1 vc_col-md-10&#8243; css=\u00bb.vc_custom_1475484113399{padding-right: 3% !important;padding-left: 3% !important;}\u00bb][vc_row_inner content_aligment=\u00bbcenter\u00bb][vc_column_inner offset=\u00bbvc_col-lg-offset-1 vc_col-lg-10&#8243;][vc_empty_space height=\u00bb90px\u00bb]<div class=\"eltd-section-title-outer-holder\" style=\"text-align: center\">\n\n\t\n\t\t\t<div class=\"eltd-section-title-title-holder\">\n\t\t\t\t<h2 class=\"eltd-section-title\" style=\";font-size: 42px;color: #ffffff;font-weight: 600;line-height: 63px;text-transform: Uppercase;letter-spacing: 5px;\">\n\t\t\t\tDel mar a la mesa\t\t\t\t<\/h2>\n\t\t<\/div>\n\t\n<\/div>[vc_column_text]<\/p>\n<h4><span style=\"color: #ffffff;\">Disponemos de piscinas para marisco. Podr\u00e1s degustar el mejor producto fresco.<\/span><\/h4>\n<p>[\/vc_column_text][\/vc_column_inner][\/vc_row_inner][vc_empty_space height=\u00bb90px\u00bb][\/vc_column][\/vc_row][vc_row content_width=\u00bbgrid\u00bb content_aligment=\u00bbcenter\u00bb css=\u00bb.vc_custom_1475488392636{padding-top: 95px !important;padding-bottom: 50px !important;}\u00bb][vc_column width=\u00bb1\/6&#8243;][\/vc_column][vc_column width=\u00bb2\/3&#8243;]<div class=\"eltd-section-title-outer-holder\" style=\"text-align: center\">\n\n\t\t\t<div class=\"eltd-section-subtitle-holder\">\n\t\t\t<h5 class=\"eltd-section-subtitle\" style=\";;color: #333333;;;;\">\n\t\t\t\tSabor y tradici\u00f3n\t\t\t<\/h5>\n\t\t<\/div>\n\t\n\t\t\t<div class=\"eltd-section-title-title-holder\">\n\t\t\t\t<h2 class=\"eltd-section-title\" style=\";font-size: 42px;;font-weight: 600;line-height: 63px;text-transform: Uppercase;letter-spacing: 5px;\">\n\t\t\t\tNuestra carta\t\t\t\t<\/h2>\n\t\t<\/div>\n\t\n<\/div>[vc_column_text]<\/p>\n<h4>Descubre nuestras cartas y&#8230;<strong>\u00a1SABOREA FISTERRA!<\/strong><\/h4>\n<p>[\/vc_column_text][\/vc_column][vc_column width=\u00bb1\/6&#8243;][\/vc_column][\/vc_row][vc_row content_width=\u00bbgrid\u00bb css=\u00bb.vc_custom_1644943687030{padding-top: 40px !important;padding-bottom: 95px !important;}\u00bb][vc_column width=\u00bb1\/3&#8243;][vc_single_image image=\u00bb8561&#8243; img_size=\u00bb100&#215;100&#8243; alignment=\u00bbcenter\u00bb onclick=\u00bbcustom_link\u00bb link=\u00bbhttp:\/\/demostracionweb.com\/centolo\/wp-content\/uploads\/2022\/10\/carta-o-centolo_2022-VERANO.pdf\u00bb][vc_column_text]<\/p>\n<h4 style=\"text-align: center;\"><a href=\"http:\/\/demostracionweb.com\/centolo\/wp-content\/uploads\/2022\/10\/carta-o-centolo_2022-VERANO.pdf\">RESTAURANTE<\/a><\/h4>\n<p>[\/vc_column_text][\/vc_column][vc_column width=\u00bb1\/3&#8243;][vc_single_image image=\u00bb8571&#8243; img_size=\u00bb100&#215;100&#8243; alignment=\u00bbcenter\u00bb onclick=\u00bbcustom_link\u00bb link=\u00bbhttp:\/\/demostracionweb.com\/centolo\/wp-content\/uploads\/2022\/10\/carta-o-centolo_2022-VERANO_tapas.pdf\u00bb][vc_column_text]<\/p>\n<h4 style=\"text-align: center;\"><a href=\"http:\/\/demostracionweb.com\/centolo\/wp-content\/uploads\/2022\/10\/carta-o-centolo_2022-VERANO_tapas.pdf\">CAFETER\u00cdA<\/a><\/h4>\n<p>[\/vc_column_text][\/vc_column][vc_column width=\u00bb1\/3&#8243;][vc_single_image image=\u00bb8562&#8243; img_size=\u00bb100&#215;100&#8243; alignment=\u00bbcenter\u00bb onclick=\u00bbcustom_link\u00bb link=\u00bbhttp:\/\/demostracionweb.com\/centolo\/wp-content\/uploads\/2022\/10\/carta-vinos-o-centolo_verano2022.pdf\u00bb][vc_column_text]<\/p>\n<h4 style=\"text-align: center;\"><a href=\"http:\/\/demostracionweb.com\/centolo\/wp-content\/uploads\/2022\/10\/carta-vinos-o-centolo_verano2022.pdf\">VINOS<\/a><\/h4>\n<p>[\/vc_column_text][\/vc_column][\/vc_row][vc_row content_width=\u00bbgrid\u00bb content_aligment=\u00bbcenter\u00bb css=\u00bb.vc_custom_1645009689382{padding-top: 40px !important;padding-bottom: 95px !important;}\u00bb][vc_column]<a href=\"http:\/\/demostracionweb.com\/centolo\/nuestro-menu\/\" target=\"_self\"  class=\"eltd-btn eltd-btn-medium eltd-btn-outline eltd-btn-hover-animation eltd-btn-sweep-from-left\"  >\n\t\t\t<div class=\"eltd-btn-hover-overlay\"><\/div>\n\t    <span class=\"eltd-btn-text\">VER CARTA<\/span>\n    <\/a>[vc_empty_space][\/vc_column][\/vc_row][vc_row row_type=\u00bbparallax\u00bb content_width=\u00bbgrid\u00bb content_aligment=\u00bbcenter\u00bb full_screen_section_height=\u00bbno\u00bb parallax_background_image=\u00bb8448&#8243; css=\u00bb.vc_custom_1623869489174{padding-top: 95px !important;padding-bottom: 100px !important;}\u00bb][vc_column offset=\u00bbvc_col-lg-offset-2 vc_col-lg-8 vc_col-md-offset-1 vc_col-md-10&#8243; css=\u00bb.vc_custom_1475484113399{padding-right: 3% !important;padding-left: 3% !important;}\u00bb][vc_empty_space height=\u00bb90px\u00bb][vc_row_inner content_aligment=\u00bbcenter\u00bb][vc_column_inner offset=\u00bbvc_col-lg-offset-1 vc_col-lg-10&#8243;]<div class=\"eltd-section-title-outer-holder\" style=\"text-align: center\">\n\n\t\n\t\t\t<div class=\"eltd-section-title-title-holder\">\n\t\t\t\t<h2 class=\"eltd-section-title\" style=\";font-size: 42px;color: #ffffff;font-weight: 600;line-height: 63px;text-transform: Uppercase;letter-spacing: 5px;\">\n\t\t\t\tReservas\t\t\t\t<\/h2>\n\t\t<\/div>\n\t\n<\/div>[vc_column_text]<\/p>\n<h4 style=\"text-align: center;\"><span style=\"color: #ffffff;\">\u00bfNos concedes una cita frente al puerto del fin del mundo?<\/span><\/h4>\n<p>[\/vc_column_text][vc_empty_space height=\u00bb30px\u00bb]<div role=\"form\" class=\"wpcf7\" id=\"wpcf7-f8442-o1\" lang=\"en-US\" dir=\"ltr\">\n<div class=\"screen-reader-response\"><p role=\"status\" aria-live=\"polite\" aria-atomic=\"true\"><\/p> <ul><\/ul><\/div>\n<form action=\"\/centolo\/wp-json\/wp\/v2\/pages\/5858#wpcf7-f8442-o1\" method=\"post\" class=\"wpcf7-form init\" novalidate=\"novalidate\" data-status=\"init\">\n<div style=\"display: none;\">\n<input type=\"hidden\" name=\"_wpcf7\" value=\"8442\" \/>\n<input type=\"hidden\" name=\"_wpcf7_version\" value=\"5.5.5\" \/>\n<input type=\"hidden\" name=\"_wpcf7_locale\" value=\"en_US\" \/>\n<input type=\"hidden\" name=\"_wpcf7_unit_tag\" value=\"wpcf7-f8442-o1\" \/>\n<input type=\"hidden\" name=\"_wpcf7_container_post\" value=\"0\" \/>\n<input type=\"hidden\" name=\"_wpcf7_posted_data_hash\" value=\"\" \/>\n<\/div>\n<div class=\"eltd-two-columns-50-50 clearfix\">\n<div class=\"eltd-two-columns-50-50-inner\">\n<div class=\"eltd-column\">\n<div class=\"eltd-column-inner\">\n<span class=\"wpcf7-form-control-wrap first-name\"><input type=\"text\" name=\"first-name\" value=\"\" size=\"40\" class=\"wpcf7-form-control wpcf7-text wpcf7-validates-as-required\" aria-required=\"true\" aria-invalid=\"false\" placeholder=\"Nombre*\" \/><\/span>\n<\/div>\n<\/div>\n<div class=\"eltd-column\">\n<div class=\"eltd-column-inner\">\n<span class=\"wpcf7-form-control-wrap telephone\"><input type=\"tel\" name=\"telephone\" value=\"\" size=\"20\" maxlength=\"30\" class=\"wpcf7-form-control wpcf7-text wpcf7-tel wpcf7-validates-as-required wpcf7-validates-as-tel\" aria-required=\"true\" aria-invalid=\"false\" placeholder=\"Tel\u00e9fono*\" \/><\/span>\n<\/div>\n<\/div>\n<\/div>\n<\/div>\n<div class=\"eltd-two-columns-50-50 clearfix\">\n<div class=\"eltd-two-columns-50-50-inner\">\n<div class=\"eltd-column\">\n<div class=\"eltd-column-inner\">\n<span class=\"wpcf7-form-control-wrap your-date\"><input type=\"date\" name=\"your-date\" value=\"\" class=\"wpcf7-form-control wpcf7-date wpcf7-validates-as-required wpcf7-validates-as-date\" min=\"2016-01-01\" max=\"2060-12-31\" aria-required=\"true\" aria-invalid=\"false\" placeholder=\"DD \/ MM \/ YY*\" \/><\/span>\n<\/div>\n<\/div>\n<div class=\"eltd-column\">\n<div class=\"eltd-column-inner\">\n<span class=\"wpcf7-form-control-wrap time\"><input type=\"text\" name=\"time\" value=\"\" size=\"40\" class=\"wpcf7-form-control wpcf7-text wpcf7-validates-as-required\" aria-required=\"true\" aria-invalid=\"false\" placeholder=\"Hora*\" \/><\/span>\n<\/div>\n<\/div>\n<\/div>\n<\/div>\n<div class=\"eltd-two-columns-50-50 clearfix\">\n<div class=\"eltd-two-columns-50-50-inner\">\n<div class=\"eltd-column\">\n<div class=\"eltd-column-inner\">\n<span class=\"wpcf7-form-control-wrap seats\"><input type=\"number\" name=\"seats\" value=\"\" class=\"wpcf7-form-control wpcf7-number wpcf7-validates-as-required wpcf7-validates-as-number\" aria-required=\"true\" aria-invalid=\"false\" placeholder=\"N\u00ba personas*\" \/><\/span>\n<\/div>\n<\/div>\n<div class=\"eltd-column\">\n<div class=\"eltd-column-inner\">\n<span class=\"wpcf7-form-control-wrap email\"><input type=\"email\" name=\"email\" value=\"\" size=\"40\" class=\"wpcf7-form-control wpcf7-text wpcf7-email wpcf7-validates-as-required wpcf7-validates-as-email\" aria-required=\"true\" aria-invalid=\"false\" placeholder=\"E-mail*\" \/><\/span>\n<\/div>\n<\/div>\n<\/div>\n<\/div>\n<p><span class=\"wpcf7-form-control-wrap notes\"><textarea name=\"notes\" cols=\"40\" rows=\"5\" class=\"wpcf7-form-control wpcf7-textarea\" aria-invalid=\"false\" placeholder=\"Notas\"><\/textarea><\/span><\/p>\n<p><input type=\"submit\" value=\"RESERVA\" class=\"wpcf7-form-control has-spinner wpcf7-submit\" \/><\/p>\n<div class=\"wpcf7-response-output\" aria-hidden=\"true\"><\/div><\/form><\/div>[\/vc_column_inner][\/vc_row_inner][\/vc_column][\/vc_row][vc_row content_width=\u00bbgrid\u00bb css=\u00bb.vc_custom_1644953690299{padding-top: 93px !important;padding-bottom: 50px !important;}\u00bb el_id=\u00bbespacios\u00bb][vc_column css=\u00bb.vc_custom_1623875187214{padding-top: 50px !important;padding-bottom: 50px !important;}\u00bb][vc_row_inner][vc_column_inner width=\u00bb1\/2&#8243;]<div class=\"eltd-section-title-outer-holder\" style=\"text-align: left\">\n\n\t\n\t\t\t<div class=\"eltd-section-title-title-holder\">\n\t\t\t\t<h2 class=\"eltd-section-title\" style=\";font-size: 42px;;font-weight: 600;line-height: 63px;text-transform: Uppercase;letter-spacing: 5px;\">\n\t\t\t\tNuestros espacios\t\t\t\t<\/h2>\n\t\t<\/div>\n\t\n<\/div>[vc_column_text]<\/p>\n<h4>En restaurante <strong>O Centolo<\/strong>, disponemos de diferentes espacios para que cada experiencia sea inolvidable<\/h4>\n<p>[\/vc_column_text][vc_empty_space height=\u00bb40px\u00bb]<a href=\"https:\/\/demostracionweb.com\/centolo\/espacios\" target=\"_self\"  class=\"eltd-btn eltd-btn-medium eltd-btn-outline eltd-btn-hover-animation eltd-btn-sweep-from-left\"  >\n\t\t\t<div class=\"eltd-btn-hover-overlay\"><\/div>\n\t    <span class=\"eltd-btn-text\">Ver espacios<\/span>\n    <\/a>[vc_empty_space][\/vc_column_inner][vc_column_inner width=\u00bb1\/2&#8243;][vc_single_image image=\u00bb8469&#8243; img_size=\u00bbfull\u00bb][\/vc_column_inner][\/vc_row_inner][\/vc_column][\/vc_row][vc_row content_width=\u00bbgrid\u00bb content_aligment=\u00bbcenter\u00bb css=\u00bb.vc_custom_1644960848695{padding-top: 95px !important;padding-bottom: 50px !important;}\u00bb el_id=\u00bbentorno\u00bb][vc_column width=\u00bb1\/6&#8243;][\/vc_column][vc_column width=\u00bb2\/3&#8243;]<div class=\"eltd-section-title-outer-holder\" style=\"text-align: center\">\n\n\t\t\t<div class=\"eltd-section-subtitle-holder\">\n\t\t\t<h5 class=\"eltd-section-subtitle\" style=\";;color: #333333;;;;\">\n\t\t\t\tNaturaleza y paisajes infinitos\t\t\t<\/h5>\n\t\t<\/div>\n\t\n\t\t\t<div class=\"eltd-section-title-title-holder\">\n\t\t\t\t<h2 class=\"eltd-section-title\" style=\";font-size: 42px;;font-weight: 600;line-height: 63px;text-transform: Uppercase;letter-spacing: 5px;\">\n\t\t\t\tEntorno\t\t\t\t<\/h2>\n\t\t<\/div>\n\t\n<\/div>[vc_column_text]<\/p>\n<h4>Descubre la magia de un lugar lleno de paisajes incre\u00edbles. Descubre&#8230;<strong>\u00a1el fin del mundo!<\/strong><\/h4>\n<p>[\/vc_column_text][\/vc_column][vc_column width=\u00bb1\/6&#8243;][\/vc_column][\/vc_row][vc_row css=\u00bb.vc_custom_1644928095074{padding-right: 13% !important;padding-bottom: 53px !important;padding-left: 13% !important;}\u00bb][vc_column width=\u00bb1\/3&#8243;][vc_single_image image=\u00bb8675&#8243; img_size=\u00bbfull\u00bb][vc_column_text]<\/p>\n<h4 style=\"text-align: center;\">FINISTERRE<\/h4>\n<p>[\/vc_column_text][vc_empty_space][\/vc_column][vc_column width=\u00bb1\/3&#8243;][vc_single_image image=\u00bb8671&#8243; img_size=\u00bbfull\u00bb][vc_column_text]<\/p>\n<h4 style=\"text-align: center;\">CAMI\u00d1O DOS FAROS<\/h4>\n<p>[\/vc_column_text][vc_empty_space][\/vc_column][vc_column width=\u00bb1\/3&#8243;][vc_single_image image=\u00bb8674&#8243; img_size=\u00bbfull\u00bb][vc_column_text]<\/p>\n<h4 style=\"text-align: center;\">CASCADO DO \u00c9ZARO<\/h4>\n<p>[\/vc_column_text][vc_empty_space][\/vc_column][\/vc_row][vc_row disable_element=\u00bbyes\u00bb content_width=\u00bbgrid\u00bb css=\u00bb.vc_custom_1644926123085{padding-top: 100px !important;padding-bottom: 100px !important;background-color: #efefef !important;}\u00bb][vc_column][vc_row_inner][vc_column_inner offset=\u00bbvc_hidden-sm vc_hidden-xs\u00bb]<div class=\"eltd-section-title-outer-holder\" style=\"text-align: center\">\n\n\t\t\t<div class=\"eltd-section-subtitle-holder\">\n\t\t\t<h5 class=\"eltd-section-subtitle\" style=\";;color: #333333;;;;\">\n\t\t\t\tNuestras\t\t\t<\/h5>\n\t\t<\/div>\n\t\n\t\t\t<div class=\"eltd-section-title-title-holder\">\n\t\t\t\t<h2 class=\"eltd-section-title\" style=\";font-size: 32px;;font-weight: 600;line-height: 42px;text-transform: Uppercase;letter-spacing: 5px;\">\n\t\t\t\tRecomendaciones\t\t\t\t<\/h2>\n\t\t<\/div>\n\t\n<\/div>[vc_empty_space height=\u00bb90px\u00bb][\/vc_column_inner][\/vc_row_inner][vc_row_inner][vc_column_inner offset=\u00bbvc_hidden-lg vc_hidden-md\u00bb]<div class=\"eltd-section-title-outer-holder\" style=\"text-align: center\">\n\n\t\t\t<div class=\"eltd-section-subtitle-holder\">\n\t\t\t<h5 class=\"eltd-section-subtitle\" style=\";;color: #333333;;;;\">\n\t\t\t\tNuestras\t\t\t<\/h5>\n\t\t<\/div>\n\t\n\t\t\t<div class=\"eltd-section-title-title-holder\">\n\t\t\t\t<h2 class=\"eltd-section-title\" style=\";font-size: 25px;;font-weight: 600;line-height: 32px;text-transform: Uppercase;letter-spacing: 2px;\">\n\t\t\t\tRecomendaciones\t\t\t\t<\/h2>\n\t\t<\/div>\n\t\n<\/div>[vc_empty_space height=\u00bb90px\u00bb][\/vc_column_inner][\/vc_row_inner]<div class=\"eltd-tabs eltd-vertical-tab  eltd-transparent-tabs clearfix\">\n\t<ul class=\"eltd-tabs-nav\">\n\t\t\t\t\t<li>\n\t\t\t\t<a href=\"#tab-marisco\">\n\t\t\t\t\tMarisco\t\t\t\t<\/a>\n\t\t\t <\/li>\n\t\t\t\t\t<li>\n\t\t\t\t<a href=\"#tab-pescados\">\n\t\t\t\t\tPescados\t\t\t\t<\/a>\n\t\t\t <\/li>\n\t\t\t\t\t<li>\n\t\t\t\t<a href=\"#tab-carnes\">\n\t\t\t\t\tcarnes\t\t\t\t<\/a>\n\t\t\t <\/li>\n\t\t\t\t\t<li>\n\t\t\t\t<a href=\"#tab-postres\">\n\t\t\t\t\tPostres\t\t\t\t<\/a>\n\t\t\t <\/li>\n\t\t\t\t\t\t\t<li class=\"eltd-tab-line\"><\/li>\n\t\t\t<\/ul> \n\t<div class=\"eltd-tab-container\" id=\"tab-marisco-492\">\n\t[vc_row_inner][vc_column_inner offset=\u00bbvc_col-lg-offset-0 vc_col-lg-8 vc_col-md-offset-0 vc_col-md-12 vc_col-sm-offset-0&#8243;]<div class=\"eltd-section-title-outer-holder\" style=\"text-align: left\">\n\n\t\n\t\t\t<div class=\"eltd-section-title-title-holder\">\n\t\t\t\t<h2 class=\"eltd-section-title\" style=\";font-size: 30px;;font-weight: 600;line-height: 29px;text-transform: Uppercase;letter-spacing: 2px;\">\n\t\t\t\tParrillada de marisco\t\t\t\t<\/h2>\n\t\t<\/div>\n\t\n<\/div>[vc_empty_space height=\u00bb15px\u00bb][vc_column_text]<\/p>\n<h4>Sed ut perspiciatis unde omnis iste natus error sit voluptatem accusantium doloremque laudantium, totam rem aperiam.<\/h4>\n<p>[\/vc_column_text][vc_empty_space height=\u00bb12px\u00bb][vc_column_text]Lorem ipsum dolor sit amet, consectetur adipiscing elit, sed do eiusmod tempor incididunt ut labore et dolore magna aliqua. Ut enim ad minim veniam, quis nostrud exercitation ullamco laboris nisi ut aliquip ex ea commodo consequat. Duis aute irure dolor in reprehenderit in voluptate velit esse cillum dolore eu fugiat nulla pariatur. Excepteur sint occaecat cupidatat non.[\/vc_column_text][\/vc_column_inner][vc_column_inner offset=\u00bbvc_col-lg-offset-0 vc_col-lg-4 vc_col-md-offset-0 vc_col-md-12 vc_hidden-md vc_col-sm-offset-0 vc_hidden-sm\u00bb][vc_single_image image=\u00bb8389&#8243; img_size=\u00bbfull\u00bb alignment=\u00bbcenter\u00bb][\/vc_column_inner][\/vc_row_inner]<\/div><div class=\"eltd-tab-container\" id=\"tab-pescados-44\">\n\t[vc_row_inner][vc_column_inner offset=\u00bbvc_col-lg-8 vc_col-md-12&#8243;]<div class=\"eltd-section-title-outer-holder\" style=\"text-align: left\">\n\n\t\n\t\t\t<div class=\"eltd-section-title-title-holder\">\n\t\t\t\t<h2 class=\"eltd-section-title\" style=\";font-size: 30px;;font-weight: 600;line-height: 29px;text-transform: Uppercase;letter-spacing: 2px;\">\n\t\t\t\tRape estofado\t\t\t\t<\/h2>\n\t\t<\/div>\n\t\n<\/div>[vc_empty_space height=\u00bb15px\u00bb][vc_column_text]<\/p>\n<h4>Sed ut perspiciatis unde omnis iste natus error sit voluptatem accusantium doloremque laudantium, totam rem aperiam.<\/h4>\n<p>[\/vc_column_text][vc_empty_space height=\u00bb12px\u00bb][vc_column_text]Consectetur adipiscing elit, sed do eiusmod tempor incididunt ut labore et dolore magna aliqua. Ut enim ad minim veniam, quis nostrud exercitation ullamco laboris nisitin ut aliquip ex ea commodo consequat. Duis aute irure dolor reprehenderit in voluptate velit esse cillum dolore eu fugiat nulla pariatur. Excepteur sint occaecat cupidatat non proident.\u00a0Lorem ipsum dolor.[\/vc_column_text][vc_empty_space height=\u00bb20px\u00bb][\/vc_column_inner][vc_column_inner offset=\u00bbvc_col-lg-offset-0 vc_col-lg-4 vc_col-md-12 vc_hidden-md vc_hidden-sm\u00bb][vc_single_image image=\u00bb8440&#8243; img_size=\u00bbfull\u00bb alignment=\u00bbcenter\u00bb][\/vc_column_inner][\/vc_row_inner]<\/div><div class=\"eltd-tab-container\" id=\"tab-carnes-897\">\n\t[vc_row_inner][vc_column_inner offset=\u00bbvc_col-lg-8 vc_col-md-12&#8243;]<div class=\"eltd-section-title-outer-holder\" style=\"text-align: left\">\n\n\t\n\t\t\t<div class=\"eltd-section-title-title-holder\">\n\t\t\t\t<h2 class=\"eltd-section-title\" style=\";font-size: 30px;;font-weight: 600;line-height: 29px;text-transform: Uppercase;letter-spacing: 2px;\">\n\t\t\t\tTernera a la plancha\t\t\t\t<\/h2>\n\t\t<\/div>\n\t\n<\/div>[vc_empty_space height=\u00bb15px\u00bb][vc_column_text]<\/p>\n<h4>Sed ut perspiciatis unde omnis iste natus error sit voluptatem accusantium doloremque laudantium, totam rem aperiam.<\/h4>\n<p>[\/vc_column_text][vc_empty_space height=\u00bb12px\u00bb][vc_column_text]Ut enim ad minim veniam, sit amet, consectetur adipiscing elit, sed do eiusmod temp incididunt ut labore et dolore magna aliqua. Ut enim ad minim veniam, quis nostrud exercitation ullamco laboris nisi ut aliquip ex ea commodo consequat. Duis aute irure dolor in reprehenderit in voluptate velit esse cillum dolore eu fugiat nulla pariatur. Excepteur osint ccaecat cupidatat.[\/vc_column_text][vc_empty_space height=\u00bb20px\u00bb][\/vc_column_inner][vc_column_inner offset=\u00bbvc_col-lg-4 vc_col-md-12 vc_hidden-md vc_hidden-sm\u00bb][vc_empty_space height=\u00bb10px\u00bb][vc_single_image image=\u00bb6447&#8243; img_size=\u00bbfull\u00bb alignment=\u00bbcenter\u00bb][\/vc_column_inner][\/vc_row_inner]<\/div><div class=\"eltd-tab-container\" id=\"tab-postres-9\">\n\t[vc_row_inner][vc_column_inner offset=\u00bbvc_col-lg-8 vc_col-md-12&#8243;]<div class=\"eltd-section-title-outer-holder\" style=\"text-align: left\">\n\n\t\n\t\t\t<div class=\"eltd-section-title-title-holder\">\n\t\t\t\t<h2 class=\"eltd-section-title\" style=\";font-size: 30px;;font-weight: 600;line-height: 29px;text-transform: Uppercase;letter-spacing: 2px;\">\n\t\t\t\tTarta de frambuesa\t\t\t\t<\/h2>\n\t\t<\/div>\n\t\n<\/div>[vc_empty_space height=\u00bb15px\u00bb][vc_column_text]<\/p>\n<h4>Sed ut perspiciatis unde omnis iste natus error sit voluptatem accusantium doloremque laudantium, totam rem aperiam.<\/h4>\n<p>[\/vc_column_text][vc_empty_space height=\u00bb12px\u00bb][vc_column_text]Excepteur sint occaecat cupidatat non proident. Sed do eiusmod tempor incididunt labore et dolore magna aliqua. Ut enim ad minim veniam, quis nostrud exercitation ullamco laboris nisi ut aliquip ex ea commodo consequat. Duis aute irure dolor in reprehenderit in voluptate velit esse cillum dolore eu fugiat nulla pariatur.\u00a0Lorem ipsumentiu dolor sit amet, consectetur adipiscing.[\/vc_column_text][vc_empty_space height=\u00bb20px\u00bb][\/vc_column_inner][vc_column_inner offset=\u00bbvc_col-lg-4 vc_col-md-12 vc_hidden-md vc_hidden-sm\u00bb][vc_empty_space height=\u00bb70px\u00bb][vc_single_image image=\u00bb6270&#8243; img_size=\u00bbfull\u00bb alignment=\u00bbcenter\u00bb][\/vc_column_inner][\/vc_row_inner]<\/div><\/div>[\/vc_column][\/vc_row]<\/p>\n","protected":false},"excerpt":{"rendered":"<p>[vc_row content_width=\u00bbgrid\u00bb content_aligment=\u00bbcenter\u00bb css=\u00bb.vc_custom_1644953843319{padding-top: 95px !important;padding-bottom: 53px !important;}\u00bb el_id=\u00bbquienes-somos\u00bb][vc_column width=\u00bb1\/6&#8243;][\/vc_column][vc_column width=\u00bb2\/3&#8243;][vc_column_text css=\u00bb.vc_custom_1623862983897{margin-bottom: 0px !important;padding-bottom: 0px !important;}\u00bb] RESTAURANTE CENTOLO [\/vc_column_text][vc_column_text css=\u00bb.vc_custom_1623862976200{margin-top: 0px !important;padding-top: 0px !important;}\u00bb] DESDE 1985 [\/vc_column_text][vc_column_text]\u00a1Una experiencia que disfrutar\u00e1s con los cinco sentidos y que te regalar\u00e1 un recuerdo \u00fanico! Porque O Centolo es&#8230;<\/p>\n","protected":false},"author":1,"featured_media":0,"parent":0,"menu_order":0,"comment_status":"closed","ping_status":"closed","template":"full-width.php","meta":[],"_links":{"self":[{"href":"http:\/\/demostracionweb.com\/centolo\/wp-json\/wp\/v2\/pages\/5858"}],"collection":[{"href":"http:\/\/demostracionweb.com\/centolo\/wp-json\/wp\/v2\/pages"}],"about":[{"href":"http:\/\/demostracionweb.com\/centolo\/wp-json\/wp\/v2\/types\/page"}],"author":[{"embeddable":true,"href":"http:\/\/demostracionweb.com\/centolo\/wp-json\/wp\/v2\/users\/1"}],"replies":[{"embeddable":true,"href":"http:\/\/demostracionweb.com\/centolo\/wp-json\/wp\/v2\/comments?post=5858"}],"version-history":[{"count":171,"href":"http:\/\/demostracionweb.com\/centolo\/wp-json\/wp\/v2\/pages\/5858\/revisions"}],"predecessor-version":[{"id":8725,"href":"http:\/\/demostracionweb.com\/centolo\/wp-json\/wp\/v2\/pages\/5858\/revisions\/8725"}],"wp:attachment":[{"href":"http:\/\/demostracionweb.com\/centolo\/wp-json\/wp\/v2\/media?parent=5858"}],"curies":[{"name":"wp","href":"https:\/\/api.w.org\/{rel}","templated":true}]}}